{"id":1636,"date":"2023-10-07T13:57:52","date_gmt":"2023-10-07T11:57:52","guid":{"rendered":"https:\/\/laxida.com\/?page_id=1636"},"modified":"2023-10-13T16:46:22","modified_gmt":"2023-10-13T14:46:22","slug":"aviso-legal","status":"publish","type":"page","link":"https:\/\/laxida.com\/index.php\/aviso-legal\/","title":{"rendered":"Aviso Legal"},"content":{"rendered":"\n<p>La presente p\u00e1gina de T\u00e9rminos de Uso tiene por fin proporcionarle la informaci\u00f3n que la normativa reguladora de la prestaci\u00f3n de servicios de la sociedad de la informaci\u00f3n requiere de LA XIDA as\u00ed como exponerle las condiciones de uso que usted acepta al navegar o utilizar nuestro dominio web&nbsp;www.laxida.com<\/p>\n\n\n\n<div class=\"wp-block-uagb-advanced-heading uagb-block-e3792c91\"><h5 class=\"uagb-heading-text\">2.- Datos de LA XIDA<\/h5><\/div>\n\n\n\n<p>El titular de la p\u00e1gina web es LA XIDA<\/p>\n\n\n\n<p>A continuaci\u00f3n, le exponemos los datos identificativos y de contacto requeridos por la normativa:<\/p>\n\n\n\n<p>Titular: Grupo Mexiast S.L.<\/p>\n\n\n\n<p>CIF: B-44592541<\/p>\n\n\n\n<p>Direcci\u00f3n: Calle Ram\u00f3n de Aguinaga, 15 28028, de Madrid<\/p>\n\n\n\n<p>Tel\u00e9fono:&nbsp;911 382 684&nbsp;<\/p>\n\n\n\n<p>Direcci\u00f3n de correo electr\u00f3nico:\u00a0contacto@laxida.com<\/p>\n\n\n\n<div class=\"wp-block-uagb-advanced-heading uagb-block-26cdc41f\"><h5 class=\"uagb-heading-text\">3.- \u00c1mbito de Aplicaci\u00f3n<\/h5><\/div>\n\n\n\n<p>Las condiciones expuestas en los presentes T\u00e9rminos de Uso regulan la relaci\u00f3n y las obligaciones contra\u00eddas entre el visitante de la P\u00e1gina Web (\u201cUsuario\u201d) y LA XIDA. El acceso a esta p\u00e1gina web o su utilizaci\u00f3n por parte del Usuario implica necesariamente, y sin reservas, el sometimiento y aceptaci\u00f3n de los presentes T\u00e9rminos de Uso.<\/p>\n\n\n\n<div class=\"wp-block-uagb-advanced-heading uagb-block-0e4fc44c\"><h5 class=\"uagb-heading-text\">4.- Modificaciones de los T\u00e9rminos de Uso<\/h5><\/div>\n\n\n\n<p>LA XIDA se reserva el derecho de cambiar, en cualquier momento y sin necesidad de preaviso alguno, los T\u00e9rminos de Uso. Cada vez que usted utilice la p\u00e1gina web regir\u00e1n las condiciones de uso de acuerdo con las modificaciones introducidas en cada momento. En consecuencia, se recomienda que el Usuario las lea detenidamente cada vez que entre en la P\u00e1gina Web.<\/p>\n\n\n\n<div class=\"wp-block-uagb-advanced-heading uagb-block-982fca3c\"><h5 class=\"uagb-heading-text\">5.- Veracidad de los datos<\/h5><\/div>\n\n\n\n<p>La P\u00e1gina Web dispone de un formulario de contacto a trav\u00e9s del cual LA XIDA puede obtener ciertos datos personales con la finalidad de contactarle y presentarle nuestra plataforma y servicios, seg\u00fan se describe el tratamiento en la&nbsp;Pol\u00edtica de Privacidad. Algunos de dichos campos son obligatorios, por ser necesarios para comunicarse con usted. En cualquier caso, la introducci\u00f3n de datos inexactos o incompletos ser\u00e1 de su responsabilidad y podr\u00eda derivar en la imposibilidad de atender su petici\u00f3n.<\/p>\n\n\n\n<div class=\"wp-block-uagb-advanced-heading uagb-block-238d229f\"><h5 class=\"uagb-heading-text\">6.- Acceso y uso de la p\u00e1gina web<\/h5><\/div>\n\n\n\n<p>El Usuario accede a la P\u00e1gina Web bajo su exclusiva responsabilidad. Los contenidos y servicios presentados en la P\u00e1gina Web tienen como finalidad la difusi\u00f3n de informaci\u00f3n acerca de los servicios que ofrece y desarrolla LA XIDA.<\/p>\n\n\n\n<div class=\"wp-block-uagb-advanced-heading uagb-block-e990e494\"><h5 class=\"uagb-heading-text\">7.- Exclusi\u00f3n de Garant\u00edas<\/h5><\/div>\n\n\n\n<p>En LA XIDA pondremos los medios razonables para procurar que los contenidos y servicios incluidos y presentados a trav\u00e9s de la P\u00e1gina Web son exactos y est\u00e9n actualizados. No obstante, no podemos garantizar que la informaci\u00f3n se encuentre actualizada en todo momento.<\/p>\n\n\n\n<p>Asimismo, LA XIDA no garantiza la ausencia de virus inform\u00e1ticos, malware u otros elementos lesivos en esta P\u00e1gina. En consecuencia, no se responsabiliza de los potenciales da\u00f1os, alteraciones irreparables o errores que, debido a la presencia de cualquier virus o programa malicioso, pueda sufrir el sistema inform\u00e1tico (hardware o software) del Usuario cuando \u00e9ste acceda a la P\u00e1gina o la utilice, o de terceros involucrados. Si bien, desde que haya tenido constancia, emplear\u00e1 todos los medios a su alcance para remediar y asegurar al Usuario el uso pac\u00edfico de la P\u00e1gina Web.<\/p>\n\n\n\n<p>LA XIDA no se responsabiliza de los da\u00f1os y perjuicios que puedan sufrir los equipos inform\u00e1ticos del Usuario porque \u00e9ste haya usado de forma indebida o negligente la p\u00e1gina web, ni los que tengan su origen en fallos o desconexiones en las redes de telecomunicaciones que interrumpan el servicio o en circunstancias acaecidas por caso fortuito o fuerza mayor.<\/p>\n\n\n\n<p>LA XIDA no garantiza la disponibilidad del funcionamiento de la p\u00e1gina web, sus servicios y contenidos y su calidad o interoperabilidad.<\/p>\n\n\n\n<div class=\"wp-block-uagb-advanced-heading uagb-block-718725d7\"><h5 class=\"uagb-heading-text\">8.- Propiedad intelectual<\/h5><\/div>\n\n\n\n<p>Todos los contenidos, sin exclusi\u00f3n y de forma no limitativa, que forman parte de la P\u00e1gina Web, es decir, informaci\u00f3n, art\u00edculos, datos, textos, logos, iconos, im\u00e1genes, dise\u00f1o e imagen de la p\u00e1gina web (apariencia externa o look and feel), ficheros de v\u00eddeo, ficheros de audio, bases de datos y aplicaciones inform\u00e1ticas, son propiedad de LA XIDA no est\u00e1 explotado bajo licencia de terceros titulares de los derechos de propiedad intelectual y\/o industrial de los mencionados contenidos. \u00c9stos est\u00e1n protegidos por las leyes de propiedad intelectual internacionales y nacionales vigentes.<\/p>\n\n\n\n<p>El Usuario podr\u00e1 crear una copia privada de los contenidos \u00fanica y exclusivamente para su utilizaci\u00f3n personal. Todo uso o explotaci\u00f3n distintos precisar\u00e1n de una autorizaci\u00f3n previa y por escrito del titular de los derechos de explotaci\u00f3n. En concreto, se proh\u00edbe al Usuario reproducir, distribuir, comunicar p\u00fablicamente (incluido el derecho de puesta a disposici\u00f3n), fijar, transformar, coleccionar y, de cualquier otro modo, explotar los contenidos aparecidos en la P\u00e1gina Web sin la autorizaci\u00f3n previa y por escrito del titular de los derechos de explotaci\u00f3n.<\/p>\n\n\n\n<p>En ning\u00fan caso el acceso a dicha P\u00e1gina implica ning\u00fan tipo de renuncia, transmisi\u00f3n o cesi\u00f3n, total ni parcial, de los derechos otorgados por la legislaci\u00f3n espa\u00f1ola e internacional sobre propiedad intelectual.<\/p>\n\n\n\n<div class=\"wp-block-uagb-advanced-heading uagb-block-569849cd\"><h5 class=\"uagb-heading-text\">9.- Propiedad industrial<\/h5><\/div>\n\n\n\n<p>Las marcas y logotipos presentes en esta P\u00e1gina Web se encuentran protegidos por las leyes espa\u00f1olas e internacionales sobre propiedad industrial. Igualmente, los logos que identifican a PEFUMUMBUE son propiedad de la misma.<\/p>\n\n\n\n<p>LAXIDA.COM es un dominio registrado por LA XIDA. Este nombre de dominio no puede ser utilizado, excepto autorizaci\u00f3n expresa previa, en conexi\u00f3n con otros servicios que no sean los del titular, de manera que puedan causar confusi\u00f3n, descr\u00e9dito a la empresa o de otro modo infringir las disposiciones de competencia desleal.<\/p>\n\n\n\n<p>Queda prohibida la reproducci\u00f3n (salvo la descarga temporal de la P\u00e1gina al disco duro del ordenador del Usuario o a los servidores proxy), la copia, el uso, la distribuci\u00f3n, la reutilizaci\u00f3n, explotaci\u00f3n, realizaci\u00f3n de segundas copias, env\u00edo por correo, la transmisi\u00f3n y la modificaci\u00f3n del cualquier signo distintivo anteriormente mencionado y que se encuentren en este sitio web, excepto autorizaci\u00f3n expresa del titular de los mismos.<\/p>\n\n\n\n<div class=\"wp-block-uagb-advanced-heading uagb-block-bd658053\"><h5 class=\"uagb-heading-text\">10.- Enlaces<\/h5><\/div>\n\n\n\n<p>Todo enlace hipertextual, profundo, framing, o cualquier otro tipo de conexi\u00f3n virtual a trav\u00e9s de redes de telecomunicaci\u00f3n desde cualquier sitio web (\u201cenlaces\u201d) a la P\u00e1gina Web, deber\u00e1 ser autorizado previamente y por escrito por LA XIDA, debiendo establecerse el enlace en todo caso a su p\u00e1gina inicial.<\/p>\n\n\n\n<p>Todos los enlaces a p\u00e1ginas web externas (de terceros), tienen \u00fanicamente una finalidad orientativa, con el objetivo de poner a disposici\u00f3n del Usuario otras fuentes de informaci\u00f3n que pudieran ser de su inter\u00e9s.<\/p>\n\n\n\n<p>LA XIDA no se responsabiliza ni de los contenidos ni de cualquier otro aspecto relacionado con p\u00e1ginas web externas. En caso de que el Usuario detecte que alguno de los contenidos pueda ser contrario a la ley o que lesione bienes o derechos de un tercero pueden dirigir su observaci\u00f3n a contacto@laxida.com&nbsp;el fin de poder anular ese enlace o llevar a cabo las acciones que correspondan.&nbsp;<\/p>\n\n\n\n<div class=\"wp-block-uagb-advanced-heading uagb-block-b379ae50\"><h5 class=\"uagb-heading-text\">11.- Pol\u00edtica de Privacidad<\/h5><\/div>\n\n\n\n<p>LA XIDA toma en serio el derecho a la protecci\u00f3n de datos personales del Usuario y el tratamiento l\u00edcito, leal y transparente de sus datos personales aplicando los principios de protecci\u00f3n de datos reconocidos por la normativa europea. Puede encontrar informaci\u00f3n acerca del tratamiento de sus datos personales en la&nbsp;Pol\u00edtica de Privacidad<\/p>\n\n\n\n<div class=\"wp-block-uagb-advanced-heading uagb-block-72fa9dcc\"><h5 class=\"uagb-heading-text\">12.-&nbsp;Exclusi\u00f3n de Responsabilidades<\/h5><\/div>\n\n\n\n<p>LA XIDA no se har\u00e1 responsable por la mala utilizaci\u00f3n de los contenidos, informaci\u00f3n o uso de la P\u00e1gina Web que realice el Usuario. LA XIDA se reserva el derecho a actualizar los contenidos de la P\u00e1gina Web, eliminarlos, limitarlos as\u00ed como impedir el acceso a ellos, de manera temporal o definitiva.<\/p>\n\n\n\n<p>Los contenidos de la P\u00e1gina Web tienen como \u00fanica finalidad la de informar al Usuario sobre los servicios ofrecidos por LA XIDA y no deben entenderse como vinculantes ni crear obligaciones para Grupo Mexiast, S.L.<\/p>\n\n\n\n<p>LA XIDA no garantiza la continuidad del funcionamiento de la P\u00e1gina Web, as\u00ed como que se encuentre en todo momento operativa y disponible.<\/p>\n\n\n\n<p>LA XIDA no se hace responsable de los da\u00f1os y perjuicios directos o indirectos, incluidos da\u00f1os a sistemas inform\u00e1ticos e introducci\u00f3n de virus existentes en la red, derivados de la navegaci\u00f3n por Internet, necesaria para la visita y utilizaci\u00f3n de la P\u00e1gina.<\/p>\n\n\n\n<div class=\"wp-block-uagb-advanced-heading uagb-block-e937c58a\"><h5 class=\"uagb-heading-text\">13.- Duraci\u00f3n y modificaci\u00f3n<\/h5><\/div>\n\n\n\n<p>Las presentes condiciones permanecer\u00e1n vigentes en tanto no sean modificadas por Grupo Mexiast, S.L. LA XIDA se reserva el derecho a modificar los t\u00e9rminos y condiciones aqu\u00ed estipulados con el fin de mejorar el servicio o adaptarse a la legislaci\u00f3n vigente.<\/p>\n\n\n\n<p>LA XIDA podr\u00e1 dar por terminada, suspender o interrumpir info de solicitar indemnizaci\u00f3n alguna por parte del Usuario.<\/p>\n\n\n\n<div class=\"wp-block-uagb-advanced-heading uagb-block-1b2f3f6c\"><h5 class=\"uagb-heading-text\">14.- Nulidad Parcial<\/h5><\/div>\n\n\n\n<p>La declaraci\u00f3n de la nulidad de alguna de las presentes condiciones por autoridad competente no afectar\u00e1 a los restantes t\u00e9rminos y condiciones de los presentes T\u00e9rminos de Uso, que permanecer\u00e1n en vigor y con pleno efecto.<\/p>\n\n\n\n<div class=\"wp-block-uagb-advanced-heading uagb-block-3367f179\"><h5 class=\"uagb-heading-text\">15<strong>.-&nbsp;<\/strong>Legislaci\u00f3n y jurisdicci\u00f3n aplicable<\/h5><\/div>\n\n\n\n<p>Los presentes t\u00e9rminos se rigen por la ley espa\u00f1ola y cualquier controversia se someter\u00e1 a los Juzgados y Tribunales de la ciudad de Madrid, salvo que existieran normas imperativas de derecho internacional privado con car\u00e1cter irrenunciable de elecci\u00f3n de ley o jurisdicci\u00f3n distintas, en cuyo caso se estar\u00eda a lo dispuesto en la ley.<\/p>\n","protected":false},"excerpt":{"rendered":"<p>La presente p\u00e1gina de T\u00e9rminos de Uso tiene por fin proporcionarle la informaci\u00f3n que la normativa reguladora de la prestaci\u00f3n de servicios de la sociedad de la informaci\u00f3n requiere de LA XIDA as\u00ed como exponerle las condiciones de uso que usted acepta al navegar o utilizar nuestro dominio web&nbsp;www.laxida.com 2.- Datos de LA XIDA El [&hellip;]<\/p>\n","protected":false},"author":2,"featured_media":0,"parent":0,"menu_order":0,"comment_status":"closed","ping_status":"closed","template":"","meta":{"_uag_custom_page_level_css":"","site-sidebar-layout":"default","site-content-layout":"","ast-site-content-layout":"default","site-content-style":"default","site-sidebar-style":"default","ast-global-header-display":"","ast-banner-title-visibility":"","ast-main-header-display":"","ast-hfb-above-header-display":"","ast-hfb-below-header-display":"","ast-hfb-mobile-header-display":"","site-post-title":"","ast-breadcrumbs-content":"","ast-featured-img":"","footer-sml-layout":"","theme-transparent-header-meta":"","adv-header-id-meta":"","stick-header-meta":"","header-above-stick-meta":"","header-main-stick-meta":"","header-below-stick-meta":"","astra-migrate-meta-layouts":"set","ast-page-background-enabled":"default","ast-page-background-meta":{"desktop":{"background-color":"","background-image":"","background-repeat":"repeat","background-position":"center center","background-size":"auto","background-attachment":"scroll","background-type":"","background-media":"","overlay-type":"","overlay-color":"","overlay-opacity":"","overlay-gradient":""},"tablet":{"background-color":"","background-image":"","background-repeat":"repeat","background-position":"center center","background-size":"auto","background-attachment":"scroll","background-type":"","background-media":"","overlay-type":"","overlay-color":"","overlay-opacity":"","overlay-gradient":""},"mobile":{"background-color":"","background-image":"","background-repeat":"repeat","background-position":"center center","background-size":"auto","background-attachment":"scroll","background-type":"","background-media":"","overlay-type":"","overlay-color":"","overlay-opacity":"","overlay-gradient":""}},"ast-content-background-meta":{"desktop":{"background-color":"var(--ast-global-color-5)","background-image":"","background-repeat":"repeat","background-position":"center center","background-size":"auto","background-attachment":"scroll","background-type":"","background-media":"","overlay-type":"","overlay-color":"","overlay-opacity":"","overlay-gradient":""},"tablet":{"background-color":"var(--ast-global-color-5)","background-image":"","background-repeat":"repeat","background-position":"center center","background-size":"auto","background-attachment":"scroll","background-type":"","background-media":"","overlay-type":"","overlay-color":"","overlay-opacity":"","overlay-gradient":""},"mobile":{"background-color":"var(--ast-global-color-5)","background-image":"","background-repeat":"repeat","background-position":"center center","background-size":"auto","background-attachment":"scroll","background-type":"","background-media":"","overlay-type":"","overlay-color":"","overlay-opacity":"","overlay-gradient":""}},"footnotes":""},"uagb_featured_image_src":{"full":false,"thumbnail":false,"medium":false,"medium_large":false,"large":false,"1536x1536":false,"2048x2048":false},"uagb_author_info":{"display_name":"IIbarra","author_link":"https:\/\/laxida.com\/index.php\/author\/iibarra\/"},"uagb_comment_info":0,"uagb_excerpt":"La presente p\u00e1gina de T\u00e9rminos de Uso tiene por fin proporcionarle la informaci\u00f3n que la normativa reguladora de la prestaci\u00f3n de servicios de la sociedad de la informaci\u00f3n requiere de LA XIDA as\u00ed como exponerle las condiciones de uso que usted acepta al navegar o utilizar nuestro dominio web&nbsp;www.laxida.com 2.- Datos de LA XIDA El&hellip;","_links":{"self":[{"href":"https:\/\/laxida.com\/index.php\/wp-json\/wp\/v2\/pages\/1636"}],"collection":[{"href":"https:\/\/laxida.com\/index.php\/wp-json\/wp\/v2\/pages"}],"about":[{"href":"https:\/\/laxida.com\/index.php\/wp-json\/wp\/v2\/types\/page"}],"author":[{"embeddable":true,"href":"https:\/\/laxida.com\/index.php\/wp-json\/wp\/v2\/users\/2"}],"replies":[{"embeddable":true,"href":"https:\/\/laxida.com\/index.php\/wp-json\/wp\/v2\/comments?post=1636"}],"version-history":[{"count":4,"href":"https:\/\/laxida.com\/index.php\/wp-json\/wp\/v2\/pages\/1636\/revisions"}],"predecessor-version":[{"id":1818,"href":"https:\/\/laxida.com\/index.php\/wp-json\/wp\/v2\/pages\/1636\/revisions\/1818"}],"wp:attachment":[{"href":"https:\/\/laxida.com\/index.php\/wp-json\/wp\/v2\/media?parent=1636"}],"curies":[{"name":"wp","href":"https:\/\/api.w.org\/{rel}","templated":true}]}}