{"id":531,"date":"2020-09-16T08:21:08","date_gmt":"2020-09-16T06:21:08","guid":{"rendered":"https:\/\/laxida.com\/index.php\/home\/"},"modified":"2026-04-15T11:10:12","modified_gmt":"2026-04-15T09:10:12","slug":"inicio","status":"publish","type":"page","link":"https:\/\/laxida.com\/","title":{"rendered":"pagina de Inicio"},"content":{"rendered":"\n<div class=\"wp-block-uagb-container uagb-block-ea339214 alignfull uagb-is-root-container\"><div class=\"uagb-container__shape uagb-container__shape-bottom uagb-container__invert\" data-negative=\"false\"><svg xmlns=\"https:\/\/www.w3.org\/2000\/svg\" viewBox=\"0 0 700 10\" preserveAspectRatio=\"none\"><path class=\"uagb-container__shape-fill\" d=\"M350,10L340,0h20L350,10z\"><\/path><\/svg><\/div><div class=\"uagb-container-inner-blocks-wrap\">\n<div class=\"wp-block-uagb-container uagb-block-2e6212e4\">\n<div class=\"wp-block-uagb-image aligncenter uagb-block-6bdb64f1 wp-block-uagb-image--layout-default wp-block-uagb-image--effect-static wp-block-uagb-image--align-center\"><figure class=\"wp-block-uagb-image__figure\"><img decoding=\"async\" srcset=\"https:\/\/laxida.com\/wp-content\/uploads\/2023\/10\/La-Xida-Icono.png ,https:\/\/laxida.com\/wp-content\/uploads\/2023\/10\/La-Xida-Icono.png 780w, https:\/\/laxida.com\/wp-content\/uploads\/2023\/10\/La-Xida-Icono.png 360w\" sizes=\"(max-width: 480px) 150px\" src=\"https:\/\/laxida.com\/wp-content\/uploads\/2023\/10\/La-Xida-Icono.png\" alt=\"\" class=\"uag-image-1511\" width=\"148\" height=\"100\" title=\"\" loading=\"lazy\" role=\"img\"\/><\/figure><\/div>\n\n\n\n<div class=\"wp-block-uagb-info-box uagb-block-83e0a0dc uagb-infobox__content-wrap  uagb-infobox-icon-above-title uagb-infobox-image-valign-top uag-hide-mob\"><div class=\"uagb-ifb-content\"><div class=\"uagb-ifb-title-wrap\"><span class=\"uagb-ifb-title-prefix\"> Asturias-M\u00e9xico<\/span><\/div><p class=\"uagb-ifb-desc\"><strong>La xida<\/strong>&nbsp;se autodefine c\u00f3mo \u00a8Azteca Asturiana\u00a8, elegante, divertida y con personalidad.<br><br>Al adentrarte en su mundo podr\u00e1s disfrutar de una barra que te recordar\u00e1 a una sidrer\u00eda&nbsp;asturiana en la que podr\u00e1s disfrutar de un agradable picoteo y copas al son de la m\u00fasica.<br><br>Su sala es un espacio dedicado a M\u00e9xico y que con su decoraci\u00f3n te transportar\u00e1 a Tulum y Oaxaca. En este espacio podr\u00e1s degustar de los sabores de cada regi\u00f3n en unos platos cuidados al m\u00e1ximo detalle.<\/p><\/div><\/div>\n\n\n\n<div class=\"wp-block-uagb-info-box uagb-block-0178b100 uagb-infobox__content-wrap  uagb-infobox-icon-above-title uagb-infobox-image-valign-top uag-hide-desktop uag-hide-tab\"><div class=\"uagb-ifb-content\"><div class=\"uagb-ifb-title-wrap\"><span class=\"uagb-ifb-title-prefix\">Asturias-M\u00e9xico<\/span><\/div><\/div><\/div>\n\n\n\n<div class=\"wp-block-uagb-advanced-heading uagb-block-c9c3e857 uag-hide-mob\"><\/div>\n\n\n\n<div class=\"wp-block-uagb-buttons uagb-buttons__outer-wrap uagb-btn__default-btn uagb-btn-tablet__default-btn uagb-btn-mobile__default-btn uagb-block-9dafe3f5\"><div class=\"uagb-buttons__wrap uagb-buttons-layout-wrap \">\n<div class=\"wp-block-uagb-buttons-child uagb-buttons__outer-wrap uagb-block-2aa297ea wp-block-button\"><div class=\"uagb-button__wrapper\"><a class=\"uagb-buttons-repeater wp-block-button__link\" aria-label=\"\" href=\"https:\/\/widget.thefork.com\/es\/4931ecd9-355c-4f36-83cf-8b2f5e3bc826?step=date&amp;utm_source=laxida.com\" rel=\"follow noopener\" target=\"_blank\" role=\"button\"><div class=\"uagb-button__link\">RESERVA AHORA<\/div><\/a><\/div><\/div>\n<\/div><\/div>\n<\/div>\n<\/div><\/div>\n\n\n\n<div class=\"wp-block-uagb-container uagb-block-c68750dd alignfull uagb-is-root-container\">\n<div class=\"wp-block-uagb-container uagb-block-e3b6d92b alignfull uagb-is-root-container\"><div class=\"uagb-container-inner-blocks-wrap\">\n<div class=\"wp-block-uagb-slider uagb-block-1d62f9ab uagb-slider-container\"><div class=\"uagb-slides uagb-swiper\"><div class=\"swiper-wrapper\">\n<div class=\"wp-block-uagb-slider-child uagb-slider-child-wrap swiper-slide uagb-block-b8a3f776\"><div class=\"swiper-content\">\n<div class=\"wp-block-uagb-container uagb-block-33348642\"><\/div>\n<\/div><\/div>\n\n\n\n<div class=\"wp-block-uagb-slider-child uagb-slider-child-wrap swiper-slide uagb-block-0edd0c3e\"><div class=\"swiper-content\">\n<div class=\"wp-block-uagb-container uagb-block-1db24f14\"><\/div>\n<\/div><\/div>\n\n\n\n<div class=\"wp-block-uagb-slider-child uagb-slider-child-wrap swiper-slide uagb-block-5a4c1c00\"><div class=\"swiper-content\">\n<div class=\"wp-block-uagb-container uagb-block-4706a1fb\"><\/div>\n<\/div><\/div>\n\n\n\n<div class=\"wp-block-uagb-slider-child uagb-slider-child-wrap swiper-slide uagb-block-7ac65631\"><div class=\"swiper-content\">\n<div class=\"wp-block-uagb-container uagb-block-7ad01d7b\"><\/div>\n<\/div><\/div>\n\n\n\n<div class=\"wp-block-uagb-slider-child uagb-slider-child-wrap swiper-slide uagb-block-f7772be0\"><div class=\"swiper-content\">\n<div class=\"wp-block-uagb-container uagb-block-72f8d6a1\"><\/div>\n<\/div><\/div>\n\n\n\n<div class=\"wp-block-uagb-slider-child uagb-slider-child-wrap swiper-slide uagb-block-e5b1b26c\"><div class=\"swiper-content\">\n<div class=\"wp-block-uagb-container uagb-block-c5c7e656\"><\/div>\n<\/div><\/div>\n<\/div><\/div><div class=\"swiper-pagination\"><\/div><div class=\"swiper-button-prev\"><\/div><div class=\"swiper-button-next\"><\/div><\/div>\n<\/div><\/div>\n\n\n\n<div id=\"menuDelicia\" class=\"wp-block-uagb-container uagb-block-b344e51c alignfull uagb-is-root-container\"><div class=\"uagb-container-inner-blocks-wrap\">\n<div class=\"wp-block-uagb-container uagb-block-2ad1e2ed\">\n<div class=\"wp-block-columns is-layout-flex wp-container-core-columns-is-layout-1 wp-block-columns-is-layout-flex\">\n<div class=\"wp-block-column is-layout-flow wp-block-column-is-layout-flow\" style=\"flex-basis:25%\">\n<figure class=\"wp-block-image aligncenter size-large is-resized\"><img loading=\"lazy\" decoding=\"async\" width=\"1024\" height=\"1024\" src=\"https:\/\/laxida.com\/wp-content\/uploads\/2023\/10\/Mesa-de-trabajo-11@150x-8-1-1024x1024.png\" alt=\"\" class=\"wp-image-1672\" style=\"aspect-ratio:1;width:107px;height:auto\" srcset=\"https:\/\/laxida.com\/wp-content\/uploads\/2023\/10\/Mesa-de-trabajo-11@150x-8-1-1024x1024.png 1024w, https:\/\/laxida.com\/wp-content\/uploads\/2023\/10\/Mesa-de-trabajo-11@150x-8-1-300x300.png 300w, https:\/\/laxida.com\/wp-content\/uploads\/2023\/10\/Mesa-de-trabajo-11@150x-8-1-150x150.png 150w, https:\/\/laxida.com\/wp-content\/uploads\/2023\/10\/Mesa-de-trabajo-11@150x-8-1-768x768.png 768w, https:\/\/laxida.com\/wp-content\/uploads\/2023\/10\/Mesa-de-trabajo-11@150x-8-1-1536x1536.png 1536w, https:\/\/laxida.com\/wp-content\/uploads\/2023\/10\/Mesa-de-trabajo-11@150x-8-1-2048x2048.png 2048w\" sizes=\"(max-width: 1024px) 100vw, 1024px\" \/><\/figure>\n<\/div>\n\n\n\n<div class=\"wp-block-column is-layout-flow wp-block-column-is-layout-flow\" style=\"flex-basis:50%\">\n<div class=\"wp-block-uagb-advanced-heading uagb-block-df58806f\"><h6 class=\"uagb-heading-text\"><strong>\u00a1Si las gastronom\u00edas de cada regi\u00f3n por separado son maravillosas\u2026Imag\u00ednense si se fusionan!<\/strong><\/h6><\/div>\n<\/div>\n\n\n\n<div class=\"wp-block-column is-layout-flow wp-block-column-is-layout-flow\" style=\"flex-basis:25%\">\n<figure class=\"wp-block-image aligncenter size-large is-resized\"><img loading=\"lazy\" decoding=\"async\" width=\"1024\" height=\"1024\" src=\"https:\/\/laxida.com\/wp-content\/uploads\/2023\/10\/Mesa-de-trabajo-11@150x-8-1-1024x1024.png\" alt=\"\" class=\"wp-image-1672\" style=\"aspect-ratio:1;width:105px;height:auto\" srcset=\"https:\/\/laxida.com\/wp-content\/uploads\/2023\/10\/Mesa-de-trabajo-11@150x-8-1-1024x1024.png 1024w, https:\/\/laxida.com\/wp-content\/uploads\/2023\/10\/Mesa-de-trabajo-11@150x-8-1-300x300.png 300w, https:\/\/laxida.com\/wp-content\/uploads\/2023\/10\/Mesa-de-trabajo-11@150x-8-1-150x150.png 150w, https:\/\/laxida.com\/wp-content\/uploads\/2023\/10\/Mesa-de-trabajo-11@150x-8-1-768x768.png 768w, https:\/\/laxida.com\/wp-content\/uploads\/2023\/10\/Mesa-de-trabajo-11@150x-8-1-1536x1536.png 1536w, https:\/\/laxida.com\/wp-content\/uploads\/2023\/10\/Mesa-de-trabajo-11@150x-8-1-2048x2048.png 2048w\" sizes=\"(max-width: 1024px) 100vw, 1024px\" \/><\/figure>\n<\/div>\n<\/div>\n<\/div>\n\n\n\n<div class=\"wp-block-uagb-buttons uagb-buttons__outer-wrap uagb-btn__large-btn uagb-btn-tablet__default-btn uagb-btn-mobile__default-btn uagb-block-da2c347d\"><div class=\"uagb-buttons__wrap uagb-buttons-layout-wrap \">\n<div class=\"wp-block-uagb-buttons-child uagb-buttons__outer-wrap uagb-block-622b185b wp-block-button\"><div class=\"uagb-button__wrapper\"><a class=\"uagb-buttons-repeater wp-block-button__link\" aria-label=\"\" href=\"https:\/\/laxida.com\/wp-content\/uploads\/2025\/05\/MENU_IMPRESO-LARGO-20250501.pdf.pdf\" rel=\"follow noopener\" target=\"_self\" role=\"button\"><div class=\"uagb-button__link\">Carta<\/div><\/a><\/div><\/div>\n\n\n\n<div class=\"wp-block-uagb-buttons-child uagb-buttons__outer-wrap uagb-block-0cd4c3df wp-block-button\"><div class=\"uagb-button__wrapper\"><a class=\"uagb-buttons-repeater wp-block-button__link\" aria-label=\"\" href=\"https:\/\/laxida.com\/wp-content\/uploads\/2025\/05\/Tapasbrunch.pdf\" rel=\"follow noopener\" target=\"_self\" role=\"button\"><div class=\"uagb-button__link\">Tapas Brunch<\/div><\/a><\/div><\/div>\n\n\n\n<div class=\"wp-block-uagb-buttons-child uagb-buttons__outer-wrap uagb-block-1df527b6 wp-block-button\"><div class=\"uagb-button__wrapper\"><a class=\"uagb-buttons-repeater wp-block-button__link\" aria-label=\"\" href=\"https:\/\/laxida.com\/wp-content\/uploads\/2025\/05\/Menu_bebidas-impresion-final-20250521.pdf\" rel=\"follow noopener\" target=\"_self\" role=\"button\"><div class=\"uagb-button__link\">Bebidas y vinos<\/div><\/a><\/div><\/div>\n\n\n\n<div class=\"wp-block-uagb-buttons-child uagb-buttons__outer-wrap uagb-block-3358fd73 wp-block-button\"><div class=\"uagb-button__wrapper\"><a class=\"uagb-buttons-repeater wp-block-button__link\" aria-label=\"\" href=\"https:\/\/laxida.com\/wp-content\/uploads\/2025\/03\/EVENTOS-LA-XIDA_20250314.pdf\" rel=\"follow noopener\" target=\"_self\" role=\"button\"><div class=\"uagb-button__link\">Men\u00fa Eventos<\/div><\/a><\/div><\/div>\n<\/div><\/div>\n<\/div><\/div>\n<\/div>\n\n\n\n<div class=\"wp-block-uagb-container uag-hide-desktop uag-hide-tab uag-hide-mob uagb-block-a2b5f619 alignfull uagb-is-root-container\"><div class=\"uagb-container-inner-blocks-wrap\">\n<section class=\"wp-block-uagb-columns uagb-columns__wrap uagb-columns__background-none uagb-columns__stack-mobile uagb-columns__valign-center uagb-columns__gap-10 align uagb-block-86d67bd6 uagb-columns__columns-3 uagb-columns__max_width-theme\"><div class=\"uagb-columns__overlay\"><\/div><div class=\"uagb-columns__inner-wrap uagb-columns__columns-3\">\n<div class=\"wp-block-uagb-column uagb-column__wrap uagb-column__background-undefined uagb-block-3d556177\"><div class=\"uagb-column__overlay\"><\/div><\/div>\n\n\n\n<div class=\"wp-block-uagb-column uagb-column__wrap uagb-column__background-undefined uagb-block-8efca89f\"><div class=\"uagb-column__overlay\"><\/div>\n<figure class=\"wp-block-image size-large is-resized\"><img loading=\"lazy\" decoding=\"async\" width=\"1024\" height=\"1024\" src=\"https:\/\/laxida.com\/wp-content\/uploads\/2023\/10\/Mesa-de-trabajo-11@150x-8-1-1024x1024.png\" alt=\"\" class=\"wp-image-1672\" style=\"aspect-ratio:1;object-fit:cover;width:146px;height:undefinedpx\" srcset=\"https:\/\/laxida.com\/wp-content\/uploads\/2023\/10\/Mesa-de-trabajo-11@150x-8-1-1024x1024.png 1024w, https:\/\/laxida.com\/wp-content\/uploads\/2023\/10\/Mesa-de-trabajo-11@150x-8-1-300x300.png 300w, https:\/\/laxida.com\/wp-content\/uploads\/2023\/10\/Mesa-de-trabajo-11@150x-8-1-150x150.png 150w, https:\/\/laxida.com\/wp-content\/uploads\/2023\/10\/Mesa-de-trabajo-11@150x-8-1-768x768.png 768w, https:\/\/laxida.com\/wp-content\/uploads\/2023\/10\/Mesa-de-trabajo-11@150x-8-1-1536x1536.png 1536w, https:\/\/laxida.com\/wp-content\/uploads\/2023\/10\/Mesa-de-trabajo-11@150x-8-1-2048x2048.png 2048w\" sizes=\"(max-width: 1024px) 100vw, 1024px\" \/><\/figure>\n<\/div>\n\n\n\n<div class=\"wp-block-uagb-column uagb-column__wrap uagb-column__background-undefined uagb-block-179aa354\"><div class=\"uagb-column__overlay\"><\/div>\n<p><\/p>\n<\/div>\n<\/div><\/section>\n<\/div><\/div>\n\n\n\n<div class=\"wp-block-group has-ast-global-color-4-background-color has-background uag-hide-desktop uag-hide-tab uag-hide-mob is-layout-constrained wp-block-group-is-layout-constrained\">\n<p>Nuestra carta, el coraz\u00f3n latente de la Xida. En ella encontrar\u00e1s platillos que han recorrido miles de kil\u00f3metros desde M\u00e9xico y Asturias&nbsp;&nbsp;para llegar hasta tu mesa.<\/p>\n\n\n\n<p>Dise\u00f1ada y creada con mucho trabajo y coraz\u00f3n por nuestro chef Antonio Barreiro, te transportar\u00e1 a los sabores m\u00e1s aut\u00e9nticos de Asturias y M\u00e9xico, usando los mejores ingredientes que estas dos gastronom\u00edas ofrecen y que hacen de cada bocado algo inigualable.<\/p>\n\n\n\n<p>Nuestra zona de cocina es abierta a la sala para que puedas presenciar el arte y la preparaci\u00f3n de cada plato, en la que tendr\u00e1 un gran protagonismo el trompo al pastor, que podr\u00e1s observar desde cualquier lugar de la sala<\/p>\n\n\n\n<div class=\"wp-block-uagb-container uagb-block-f318690d alignfull uagb-is-root-container\"><div class=\"uagb-container-inner-blocks-wrap\">\n<figure class=\"wp-block-image aligncenter size-full is-resized\"><a href=\"https:\/\/laxida.com\/wp-content\/uploads\/2023\/10\/Menu-te-atreves-1.pdf\"><img loading=\"lazy\" decoding=\"async\" width=\"465\" height=\"469\" src=\"https:\/\/laxida.com\/wp-content\/uploads\/2023\/10\/La-xida-QR.png\" alt=\"\" class=\"wp-image-1840\" style=\"aspect-ratio:0.9914712153518124;width:173px;height:auto\" srcset=\"https:\/\/laxida.com\/wp-content\/uploads\/2023\/10\/La-xida-QR.png 465w, https:\/\/laxida.com\/wp-content\/uploads\/2023\/10\/La-xida-QR-297x300.png 297w, https:\/\/laxida.com\/wp-content\/uploads\/2023\/10\/La-xida-QR-150x150.png 150w\" sizes=\"(max-width: 465px) 100vw, 465px\" \/><\/a><\/figure>\n\n\n\n<p class=\"has-text-align-center has-small-font-size\">Pincha en el c\u00f3digo QR o escan\u00e9alo para acceder al men\u00fa<\/p>\n<\/div><\/div>\n<\/div>\n\n\n\n<div class=\"wp-block-uagb-container uagb-block-b827c7b5 alignfull uagb-is-root-container\"><div class=\"uagb-container__shape uagb-container__shape-bottom uagb-container__invert\" data-negative=\"false\"><svg xmlns=\"https:\/\/www.w3.org\/2000\/svg\" viewBox=\"0 0 700 10\" preserveAspectRatio=\"none\"><path class=\"uagb-container__shape-fill\" d=\"M350,10L340,0h20L350,10z\"><\/path><\/svg><\/div><div class=\"uagb-container-inner-blocks-wrap\">\n<div class=\"wp-block-uagb-container uagb-block-9508c829\">\n<div class=\"wp-block-uagb-container uagb-block-e92f71f6\">\n<div class=\"wp-block-uagb-info-box uagb-block-9646f78e uagb-infobox__content-wrap  uagb-infobox-icon-above-title uagb-infobox-image-valign-top\"><div class=\"uagb-ifb-content\"><div class=\"uagb-ifb-title-wrap\"><\/div><div class=\"uagb-ifb-separator\"><\/div><\/div><\/div>\n<\/div>\n\n\n\n<div class=\"wp-block-uagb-container uagb-block-b80644d0\"><\/div>\n\n\n\n<div class=\"wp-block-uagb-container uagb-block-df6043d8\">\n<div class=\"wp-block-uagb-info-box uagb-block-5b5c4c85 uagb-infobox__content-wrap  uagb-infobox-icon-above-title uagb-infobox-image-valign-top\"><div class=\"uagb-ifb-content\"><div class=\"uagb-ifb-title-wrap\"><\/div><div class=\"uagb-ifb-separator\"><\/div><\/div><\/div>\n<\/div>\n<\/div>\n\n\n\n<div class=\"wp-block-uagb-info-box uagb-block-1ca740a5 uagb-infobox__content-wrap  uagb-infobox-icon-above-title uagb-infobox-image-valign-top\"><div class=\"uagb-ifb-content\"><div class=\"uagb-ifb-title-wrap\"><h2 class=\"uagb-ifb-title\">\u00a1ya Abrimos! ven a conocernos<\/h2><\/div><p class=\"uagb-ifb-desc\">Prep\u00e1rate para vivir una fiesta de los sentidos en la que cada plato ser\u00e1 una explosi\u00f3n de sabores y colores.<\/p><div class=\"uagb-ifb-button-wrapper wp-block-button\"><a href=\"#reservar\" class=\"uagb-infobox-cta-link wp-block-button__link\" target=\"_self\" rel=\"noopener noreferrer\" onclick=\"return true;\"><span class=\"uagb-inline-editing\">Reserva ahora<\/span><\/a><\/div><\/div><\/div>\n<\/div><\/div>\n\n\n\n<div class=\"wp-block-uagb-container uag-hide-mob uagb-block-c7b90864 alignfull uagb-is-root-container\"><div class=\"uagb-container-inner-blocks-wrap\">\n<div class=\"wp-block-uagb-container uagb-block-0ece46ad\">\n<div class=\"wp-block-uagb-advanced-heading uagb-block-921f8826 uag-hide-mob\"><h2 class=\"uagb-heading-text\">Vuestras opiniones son las que nos hacen crecer<\/h2><\/div>\n<\/div>\n\n\n\n<div class=\"wp-block-uagb-container uagb-block-40fdbb67\">\n<div class=\"wp-block-uagb-container uagb-block-e7e9f62e\"><\/div>\n<\/div>\n\n\n\n<div class=\"wp-block-columns is-layout-flex wp-container-core-columns-is-layout-2 wp-block-columns-is-layout-flex\">\n<div class=\"wp-block-column uag-hide-mob is-layout-flow wp-block-column-is-layout-flow\">\n<figure class=\"wp-block-image size-large uag-hide-mob\"><img loading=\"lazy\" decoding=\"async\" width=\"1024\" height=\"834\" src=\"https:\/\/laxida.com\/wp-content\/uploads\/2023\/10\/IMG_4072-1024x834.jpg\" alt=\"\" class=\"wp-image-1693\" srcset=\"https:\/\/laxida.com\/wp-content\/uploads\/2023\/10\/IMG_4072-1024x834.jpg 1024w, https:\/\/laxida.com\/wp-content\/uploads\/2023\/10\/IMG_4072-300x244.jpg 300w, https:\/\/laxida.com\/wp-content\/uploads\/2023\/10\/IMG_4072-768x626.jpg 768w, https:\/\/laxida.com\/wp-content\/uploads\/2023\/10\/IMG_4072.jpg 1170w\" sizes=\"(max-width: 1024px) 100vw, 1024px\" \/><\/figure>\n<\/div>\n\n\n\n<div class=\"wp-block-column is-layout-flow wp-block-column-is-layout-flow\">\n<figure class=\"wp-block-image size-large uag-hide-mob\"><img loading=\"lazy\" decoding=\"async\" width=\"1024\" height=\"610\" src=\"https:\/\/laxida.com\/wp-content\/uploads\/2023\/10\/IMG_4076-1024x610.jpg\" alt=\"\" class=\"wp-image-1695\" srcset=\"https:\/\/laxida.com\/wp-content\/uploads\/2023\/10\/IMG_4076-1024x610.jpg 1024w, https:\/\/laxida.com\/wp-content\/uploads\/2023\/10\/IMG_4076-300x179.jpg 300w, https:\/\/laxida.com\/wp-content\/uploads\/2023\/10\/IMG_4076-768x458.jpg 768w, https:\/\/laxida.com\/wp-content\/uploads\/2023\/10\/IMG_4076.jpg 1170w\" sizes=\"(max-width: 1024px) 100vw, 1024px\" \/><\/figure>\n<\/div>\n\n\n\n<div class=\"wp-block-column is-layout-flow wp-block-column-is-layout-flow\">\n<figure class=\"wp-block-image size-large uag-hide-mob\"><img loading=\"lazy\" decoding=\"async\" width=\"1024\" height=\"719\" src=\"https:\/\/laxida.com\/wp-content\/uploads\/2023\/10\/IMG_4074-1024x719.jpg\" alt=\"\" class=\"wp-image-1694\" srcset=\"https:\/\/laxida.com\/wp-content\/uploads\/2023\/10\/IMG_4074-1024x719.jpg 1024w, https:\/\/laxida.com\/wp-content\/uploads\/2023\/10\/IMG_4074-300x211.jpg 300w, https:\/\/laxida.com\/wp-content\/uploads\/2023\/10\/IMG_4074-768x539.jpg 768w, https:\/\/laxida.com\/wp-content\/uploads\/2023\/10\/IMG_4074.jpg 1170w\" sizes=\"(max-width: 1024px) 100vw, 1024px\" \/><\/figure>\n<\/div>\n<\/div>\n<\/div><\/div>\n","protected":false},"excerpt":{"rendered":"<p>\u00a1Si las gastronom\u00edas de cada regi\u00f3n por separado son maravillosas\u2026Imag\u00ednense si se fusionan! Nuestra carta, el coraz\u00f3n latente de la Xida. En ella encontrar\u00e1s platillos que han recorrido miles de kil\u00f3metros desde M\u00e9xico y Asturias&nbsp;&nbsp;para llegar hasta tu mesa. Dise\u00f1ada y creada con mucho trabajo y coraz\u00f3n por nuestro chef Antonio Barreiro, te transportar\u00e1 a [&hellip;]<\/p>\n","protected":false},"author":2,"featured_media":0,"parent":0,"menu_order":0,"comment_status":"closed","ping_status":"closed","template":"","meta":{"_uag_custom_page_level_css":"hide-button{\n\tdisplay: none;\n}","site-sidebar-layout":"no-sidebar","site-content-layout":"plain-container","ast-site-content-layout":"normal-width-container","site-content-style":"unboxed","site-sidebar-style":"unboxed","ast-global-header-display":"","ast-banner-title-visibility":"","ast-main-header-display":"","ast-hfb-above-header-display":"","ast-hfb-below-header-display":"","ast-hfb-mobile-header-display":"","site-post-title":"disabled","ast-breadcrumbs-content":"","ast-featured-img":"disabled","footer-sml-layout":"","theme-transparent-header-meta":"default","adv-header-id-meta":"","stick-header-meta":"","header-above-stick-meta":"","header-main-stick-meta":"","header-below-stick-meta":"","astra-migrate-meta-layouts":"set","ast-page-background-enabled":"default","ast-page-background-meta":{"desktop":{"background-color":"","background-image":"","background-repeat":"repeat","background-position":"center center","background-size":"auto","background-attachment":"scroll","background-type":"","background-media":"","overlay-type":"","overlay-color":"","overlay-opacity":"","overlay-gradient":""},"tablet":{"background-color":"","background-image":"","background-repeat":"repeat","background-position":"center center","background-size":"auto","background-attachment":"scroll","background-type":"","background-media":"","overlay-type":"","overlay-color":"","overlay-opacity":"","overlay-gradient":""},"mobile":{"background-color":"","background-image":"","background-repeat":"repeat","background-position":"center center","background-size":"auto","background-attachment":"scroll","background-type":"","background-media":"","overlay-type":"","overlay-color":"","overlay-opacity":"","overlay-gradient":""}},"ast-content-background-meta":{"desktop":{"background-color":"var(--ast-global-color-5)","background-image":"","background-repeat":"repeat","background-position":"center center","background-size":"auto","background-attachment":"scroll","background-type":"","background-media":"","overlay-type":"","overlay-color":"","overlay-opacity":"","overlay-gradient":""},"tablet":{"background-color":"var(--ast-global-color-5)","background-image":"","background-repeat":"repeat","background-position":"center center","background-size":"auto","background-attachment":"scroll","background-type":"","background-media":"","overlay-type":"","overlay-color":"","overlay-opacity":"","overlay-gradient":""},"mobile":{"background-color":"var(--ast-global-color-5)","background-image":"","background-repeat":"repeat","background-position":"center center","background-size":"auto","background-attachment":"scroll","background-type":"","background-media":"","overlay-type":"","overlay-color":"","overlay-opacity":"","overlay-gradient":""}},"footnotes":""},"uagb_featured_image_src":{"full":false,"thumbnail":false,"medium":false,"medium_large":false,"large":false,"1536x1536":false,"2048x2048":false},"uagb_author_info":{"display_name":"IIbarra","author_link":"https:\/\/laxida.com\/index.php\/author\/iibarra\/"},"uagb_comment_info":0,"uagb_excerpt":"\u00a1Si las gastronom\u00edas de cada regi\u00f3n por separado son maravillosas\u2026Imag\u00ednense si se fusionan! Nuestra carta, el coraz\u00f3n latente de la Xida. En ella encontrar\u00e1s platillos que han recorrido miles de kil\u00f3metros desde M\u00e9xico y Asturias&nbsp;&nbsp;para llegar hasta tu mesa. Dise\u00f1ada y creada con mucho trabajo y coraz\u00f3n por nuestro chef Antonio Barreiro, te transportar\u00e1 a&hellip;","_links":{"self":[{"href":"https:\/\/laxida.com\/index.php\/wp-json\/wp\/v2\/pages\/531"}],"collection":[{"href":"https:\/\/laxida.com\/index.php\/wp-json\/wp\/v2\/pages"}],"about":[{"href":"https:\/\/laxida.com\/index.php\/wp-json\/wp\/v2\/types\/page"}],"author":[{"embeddable":true,"href":"https:\/\/laxida.com\/index.php\/wp-json\/wp\/v2\/users\/2"}],"replies":[{"embeddable":true,"href":"https:\/\/laxida.com\/index.php\/wp-json\/wp\/v2\/comments?post=531"}],"version-history":[{"count":333,"href":"https:\/\/laxida.com\/index.php\/wp-json\/wp\/v2\/pages\/531\/revisions"}],"predecessor-version":[{"id":2249,"href":"https:\/\/laxida.com\/index.php\/wp-json\/wp\/v2\/pages\/531\/revisions\/2249"}],"wp:attachment":[{"href":"https:\/\/laxida.com\/index.php\/wp-json\/wp\/v2\/media?parent=531"}],"curies":[{"name":"wp","href":"https:\/\/api.w.org\/{rel}","templated":true}]}}